{"id":4933,"date":"2021-11-05T21:14:27","date_gmt":"2021-11-05T20:14:27","guid":{"rendered":"https:\/\/reconciliation.gouv.ci\/mrcn\/?page_id=4933"},"modified":"2022-01-07T16:22:48","modified_gmt":"2022-01-07T15:22:48","slug":"mot-du-ministre","status":"publish","type":"page","link":"https:\/\/reconciliation.gouv.ci\/mrcn\/?page_id=4933","title":{"rendered":"Mot du Ministre"},"content":{"rendered":"<div class=\"pvc_clear\"><\/div><p class=\"pvc_stats total_only \" data-element-id=\"4933\" style=\"\"><i class=\"pvc-stats-icon medium\" aria-hidden=\"true\"><svg aria-hidden=\"true\" focusable=\"false\" data-prefix=\"far\" data-icon=\"chart-bar\" role=\"img\" xmlns=\"http:\/\/www.w3.org\/2000\/svg\" viewBox=\"0 0 512 512\" class=\"svg-inline--fa fa-chart-bar fa-w-16 fa-2x\"><path fill=\"currentColor\" d=\"M396.8 352h22.4c6.4 0 12.8-6.4 12.8-12.8V108.8c0-6.4-6.4-12.8-12.8-12.8h-22.4c-6.4 0-12.8 6.4-12.8 12.8v230.4c0 6.4 6.4 12.8 12.8 12.8zm-192 0h22.4c6.4 0 12.8-6.4 12.8-12.8V140.8c0-6.4-6.4-12.8-12.8-12.8h-22.4c-6.4 0-12.8 6.4-12.8 12.8v198.4c0 6.4 6.4 12.8 12.8 12.8zm96 0h22.4c6.4 0 12.8-6.4 12.8-12.8V204.8c0-6.4-6.4-12.8-12.8-12.8h-22.4c-6.4 0-12.8 6.4-12.8 12.8v134.4c0 6.4 6.4 12.8 12.8 12.8zM496 400H48V80c0-8.84-7.16-16-16-16H16C7.16 64 0 71.16 0 80v336c0 17.67 14.33 32 32 32h464c8.84 0 16-7.16 16-16v-16c0-8.84-7.16-16-16-16zm-387.2-48h22.4c6.4 0 12.8-6.4 12.8-12.8v-70.4c0-6.4-6.4-12.8-12.8-12.8h-22.4c-6.4 0-12.8 6.4-12.8 12.8v70.4c0 6.4 6.4 12.8 12.8 12.8z\" class=\"\"><\/path><\/svg><\/i> &nbsp;1,722&nbsp;vues<\/p><div class=\"pvc_clear\"><\/div>\n<h5 class=\"wp-block-heading\"><strong>Mot du Ministre<\/strong><\/h5>\n\n\n\n<p>Chers internautes,<\/p>\n\n\n\n<p>Je voudrais exprimer toute ma gratitude \u00e0 votre endroit et ma gratitude pour la visite de notre site web. Cela t\u00e9moigne de votre int\u00e9r\u00eat pour les th\u00e9matiques relevant de mon d\u00e9partement.<\/p>\n\n\n\n<p>Le Minist\u00e8re de la R\u00e9conciliation et de la Coh\u00e9sion Nationale a pour mission de renforcer la coh\u00e9sion nationale et la r\u00e9conciliation des fils et des filles de C\u00f4te d\u2019Ivoire.<\/p>\n\n\n\n<p>La mise en ligne de ce site web rentre dans le cadre de la bonne gouvernance et la culture de la diffusion de l\u2019information pr\u00f4n\u00e9e par le gouvernement et les institutions internationales.<\/p>\n\n\n\n<p>Ce site web pr\u00e9sente les missions, l\u2019organisation et le fonctionnement du minist\u00e8re. Il fournit \u00e9galement des informations utiles et indispensables sur les services rattach\u00e9s au Cabinet.<\/p>\n\n\n\n<p>Notre espoir est que les informations disponibles sur ce site soient d\u2019une grande utilit\u00e9 pour tous : citoyens, institutions internationales, partenaires techniques et financiers, chercheurs, collectivit\u00e9s, etc.<\/p>\n\n\n\n<p>Votre participation active et vos suggestions seront d\u2019un apport important dans l\u2019ajustement progressif et le ciblage des pr\u00e9occupations \u00e9mises.<\/p>\n\n\n\n<p>Au nom du Minist\u00e8re de la R\u00e9conciliation et de la Coh\u00e9sion nationale, je vous souhaite beaucoup de plaisir et d\u2019int\u00e9r\u00eat en consultant notre site web.<\/p>\n\n\n\n<p>Que les informations qui y sont publi\u00e9es r\u00e9pondent \u00e0 vos attentes !<\/p>\n\n\n\n<p>Merci de votre aimable attention.<\/p>\n","protected":false},"excerpt":{"rendered":"<div class=\"pvc_clear\"><\/div>\n<p class=\"pvc_stats total_only \" data-element-id=\"4933\" style=\"\"><i class=\"pvc-stats-icon medium\" aria-hidden=\"true\"><svg aria-hidden=\"true\" focusable=\"false\" data-prefix=\"far\" data-icon=\"chart-bar\" role=\"img\" xmlns=\"http:\/\/www.w3.org\/2000\/svg\" viewBox=\"0 0 512 512\" class=\"svg-inline--fa fa-chart-bar fa-w-16 fa-2x\"><path fill=\"currentColor\" d=\"M396.8 352h22.4c6.4 0 12.8-6.4 12.8-12.8V108.8c0-6.4-6.4-12.8-12.8-12.8h-22.4c-6.4 0-12.8 6.4-12.8 12.8v230.4c0 6.4 6.4 12.8 12.8 12.8zm-192 0h22.4c6.4 0 12.8-6.4 12.8-12.8V140.8c0-6.4-6.4-12.8-12.8-12.8h-22.4c-6.4 0-12.8 6.4-12.8 12.8v198.4c0 6.4 6.4 12.8 12.8 12.8zm96 0h22.4c6.4 0 12.8-6.4 12.8-12.8V204.8c0-6.4-6.4-12.8-12.8-12.8h-22.4c-6.4 0-12.8 6.4-12.8 12.8v134.4c0 6.4 6.4 12.8 12.8 12.8zM496 400H48V80c0-8.84-7.16-16-16-16H16C7.16 64 0 71.16 0 80v336c0 17.67 14.33 32 32 32h464c8.84 0 16-7.16 16-16v-16c0-8.84-7.16-16-16-16zm-387.2-48h22.4c6.4 0 12.8-6.4 12.8-12.8v-70.4c0-6.4-6.4-12.8-12.8-12.8h-22.4c-6.4 0-12.8 6.4-12.8 12.8v70.4c0 6.4 6.4 12.8 12.8 12.8z\" class=\"\"><\/path><\/svg><\/i> &nbsp;1,722&nbsp;vues<\/p>\n<div class=\"pvc_clear\"><\/div>\n<p>&nbsp;1,722&nbsp;vues Mot du Ministre Chers internautes, Je voudrais exprimer toute ma gratitude \u00e0 votre endroit et ma gratitude pour la visite de notre site web. Cela t\u00e9moigne de votre int\u00e9r\u00eat pour les th\u00e9matiques relevant de mon d\u00e9partement. Le Minist\u00e8re de la R\u00e9conciliation et de la Coh\u00e9sion Nationale<\/p>\n","protected":false},"author":1,"featured_media":0,"parent":0,"menu_order":0,"comment_status":"closed","ping_status":"closed","template":"page-PageTemplate3.php","meta":{"footnotes":""},"class_list":["post-4933","page","type-page","status-publish","hentry"],"_links":{"self":[{"href":"https:\/\/reconciliation.gouv.ci\/mrcn\/index.php?rest_route=\/wp\/v2\/pages\/4933","targetHints":{"allow":["GET"]}}],"collection":[{"href":"https:\/\/reconciliation.gouv.ci\/mrcn\/index.php?rest_route=\/wp\/v2\/pages"}],"about":[{"href":"https:\/\/reconciliation.gouv.ci\/mrcn\/index.php?rest_route=\/wp\/v2\/types\/page"}],"author":[{"embeddable":true,"href":"https:\/\/reconciliation.gouv.ci\/mrcn\/index.php?rest_route=\/wp\/v2\/users\/1"}],"replies":[{"embeddable":true,"href":"https:\/\/reconciliation.gouv.ci\/mrcn\/index.php?rest_route=%2Fwp%2Fv2%2Fcomments&post=4933"}],"version-history":[{"count":4,"href":"https:\/\/reconciliation.gouv.ci\/mrcn\/index.php?rest_route=\/wp\/v2\/pages\/4933\/revisions"}],"predecessor-version":[{"id":5129,"href":"https:\/\/reconciliation.gouv.ci\/mrcn\/index.php?rest_route=\/wp\/v2\/pages\/4933\/revisions\/5129"}],"wp:attachment":[{"href":"https:\/\/reconciliation.gouv.ci\/mrcn\/index.php?rest_route=%2Fwp%2Fv2%2Fmedia&parent=4933"}],"curies":[{"name":"wp","href":"https:\/\/api.w.org\/{rel}","templated":true}]}}