{"id":4931,"date":"2021-11-05T21:12:06","date_gmt":"2021-11-05T20:12:06","guid":{"rendered":"https:\/\/reconciliation.gouv.ci\/mrcn\/?page_id=4931"},"modified":"2022-01-07T16:36:13","modified_gmt":"2022-01-07T15:36:13","slug":"biographie-du-ministre","status":"publish","type":"page","link":"https:\/\/reconciliation.gouv.ci\/mrcn\/?page_id=4931","title":{"rendered":"Biographie du Ministre"},"content":{"rendered":"<div class=\"pvc_clear\"><\/div><p class=\"pvc_stats total_only \" data-element-id=\"4931\" style=\"\"><i class=\"pvc-stats-icon medium\" aria-hidden=\"true\"><svg aria-hidden=\"true\" focusable=\"false\" data-prefix=\"far\" data-icon=\"chart-bar\" role=\"img\" xmlns=\"http:\/\/www.w3.org\/2000\/svg\" viewBox=\"0 0 512 512\" class=\"svg-inline--fa fa-chart-bar fa-w-16 fa-2x\"><path fill=\"currentColor\" d=\"M396.8 352h22.4c6.4 0 12.8-6.4 12.8-12.8V108.8c0-6.4-6.4-12.8-12.8-12.8h-22.4c-6.4 0-12.8 6.4-12.8 12.8v230.4c0 6.4 6.4 12.8 12.8 12.8zm-192 0h22.4c6.4 0 12.8-6.4 12.8-12.8V140.8c0-6.4-6.4-12.8-12.8-12.8h-22.4c-6.4 0-12.8 6.4-12.8 12.8v198.4c0 6.4 6.4 12.8 12.8 12.8zm96 0h22.4c6.4 0 12.8-6.4 12.8-12.8V204.8c0-6.4-6.4-12.8-12.8-12.8h-22.4c-6.4 0-12.8 6.4-12.8 12.8v134.4c0 6.4 6.4 12.8 12.8 12.8zM496 400H48V80c0-8.84-7.16-16-16-16H16C7.16 64 0 71.16 0 80v336c0 17.67 14.33 32 32 32h464c8.84 0 16-7.16 16-16v-16c0-8.84-7.16-16-16-16zm-387.2-48h22.4c6.4 0 12.8-6.4 12.8-12.8v-70.4c0-6.4-6.4-12.8-12.8-12.8h-22.4c-6.4 0-12.8 6.4-12.8 12.8v70.4c0 6.4 6.4 12.8 12.8 12.8z\" class=\"\"><\/path><\/svg><\/i> &nbsp;14,741&nbsp;vues<\/p><div class=\"pvc_clear\"><\/div>\n<h5 class=\"wp-block-heading\">Biographie du Ministre Kouadio Konan Bertin<\/h5>\n\n\n<div class=\"custom-frame-wrapper alignleft\"><div class=\"custom-frame-inner-wrapper\"><div class=\"custom-frame-padding\"><img decoding=\"async\" class=\"alignnone size-full wp-image-4691\" src=\"https:\/\/reconciliation.gouv.ci\/mrcn\/wp-content\/uploads\/2021\/10\/IMG-20210623-WA0057_1.jpg\" alt=\"\" width=\"200\"><\/div><\/div><\/div>\n\n\n\n<p>KOUADIO Konan Bertin dit KKB est n\u00e9 le 26 d\u00e9cembre 1968 \u00e0 Lakota. Il est mari\u00e9 et p\u00e8re de 4 enfants. Fils de KOFFI KOUADIO Mathieu, originaire de Bocanda, dans le centre de la C\u00f4te d\u2019Ivoire et de DAGO GUIZO, native de Lakota, dans le centre-ouest\u00a0; il est donc le fruit d\u2019un brassage ethnique entre deux grandes r\u00e9gions ivoiriennes.<\/p>\n\n\n\n<p>Ce m\u00e9tissage \u00e0 l\u2019ivoirienne et ses initiatives propres destin\u00e9es \u00e0 faire tomber les murs de m\u00e9fiance entre les Ivoiriens le d\u00e9signent comme la meilleure chance de r\u00e9conciliation de cette C\u00f4te d\u2019Ivoire si profond\u00e9ment divis\u00e9e.<\/p>\n\n\n\n<p>KKB, c\u2019est aussi une riche carri\u00e8re au sein du PDCI-RDA, parti fond\u00e9 par F\u00e9lix Houphou\u00ebt-Boigny. Pr\u00e9sident de la jeunesse du PDCI-RDA (2003-2013), membre du bureau politique depuis 2003, d\u00e9put\u00e9 de Port-Bou\u00ebt, l\u2019une des grandes communes au sud d\u2019Abidjan \u00e0 l\u2019Assembl\u00e9e Nationale (2011-2016), vice-pr\u00e9sident du groupe parlementaire PDCI-RDA durant cette mandature, il a, \u00e9galement, \u00e9t\u00e9 Conseiller Municipal de la Commune de Port-Bou\u00ebt.<\/p>\n\n\n\n<p>D\u00e9j\u00e0 en 1999, alors qu\u2019il n\u2019\u00e9tait pas membre des instances statutaires du PDCI-RDA, il a brav\u00e9 la junte militaire, se dressant contre ce qu\u2019il a consid\u00e9r\u00e9 comme la destruction de l\u2019\u0153uvre de F\u00e9lix Houphou\u00ebt-Boigny pour ainsi dire non \u00e0 l\u2019alternance par les armes.<\/p>\n\n\n\n<p>En 2001, il a \u00e9t\u00e9 la cheville ouvri\u00e8re du retour d\u2019exil du Pr\u00e9sident B\u00e9di\u00e9. De 1999 au XI <sup>eme<\/sup> Congr\u00e8s du PDCI de 2003, il a su insuffler l\u2019ardeur militante aux membres traumatis\u00e9s du parti. C\u2019est de l\u00e0 qu\u2019il a tir\u00e9 sa l\u00e9gitimit\u00e9 qui lui a valu d\u2019\u00eatre \u00e9lu comme pr\u00e9sident des jeunes du parti et membre du bureau politique.<\/p>\n\n\n\n<p>Les structures de la JPDCI-RDA qu\u2019il a mis en place sont \u00e0 l\u2019origine de la renaissance du PDCI-RDA sur l\u2019\u00e9chiquier politique national apr\u00e8s sa fragilisation par le coup d\u2019Etat militaire.<\/p>\n\n\n\n<p>Toutes ses actions et son leadership pour emmener le PDCI-RDA au pouvoir lui ont valu d\u2019\u00eatre combattu de l\u2019int\u00e9rieur par ceux qui craignaient pour leurs postes. D\u2019o\u00f9 sa m\u00e9sentente avec les animateurs du parti et son d\u00e9sir de se positionner d\u00e9sormais comme l\u2019alternative cr\u00e9dible capable de propositions innovantes pour une nouvelle C\u00f4te d\u2019Ivoire qui gagne.<\/p>\n\n\n\n<p>Devant le refus du PDCI-RDA de pr\u00e9senter un candidat issu de ses rangs pour l\u2019\u00e9lection pr\u00e9sidentielle de 2015, KKB n\u2019a pas h\u00e9sit\u00e9 \u00e0 prendre ses responsabilit\u00e9s en y allant en qualit\u00e9 de candidat ind\u00e9pendant. Apr\u00e8s scrutin, il a occup\u00e9 la 3<sup>\u00e8me<\/sup> place.<\/p>\n\n\n\n<p>En marge du projet structurant qu\u2019il a propos\u00e9 \u00e0 ses compatriotes, KKB a \u00e9difi\u00e9 plus d\u2019un sur sa capacit\u00e9 intellectuelle, technique et politique \u00e0 hisser la C\u00f4te d\u2019Ivoire au firmament de sa gloire. C\u2019est pour quoi son programme \u00e9conomique et social bas\u00e9 sur la transformation industrielle de nos mati\u00e8res premi\u00e8res, faire de son pays un paradis fiscal par faire de la d\u00e9fiscalisation, la d\u00e9taxation et la d\u00e9r\u00e8glementation sont des instruments de s\u00e9duction et d\u2019attirance des capitaux \u00e9trangers pour agir de fa\u00e7on concr\u00e8te sur la vie des Ivoiriens.<\/p>\n\n\n\n<p>Pour 2020, sa candidature rejet\u00e9e par les instances de son parti, malgr\u00e9 qu\u2019il remplissait les conditions, KKB prend la d\u00e9cision une nouvelle fois de se pr\u00e9senter pour sa deuxi\u00e8me candidature \u00e0 la pr\u00e9sidentielle hors des murs du PDCI.<\/p>\n\n\n\n<p>Sur fond de violences pr\u00e9-\u00e9lectorales et \u00e0 un mois du scrutin pr\u00e9vu le 31 octobre 2020, Henri Konan B\u00e9di\u00e9 appelle \u00e0 \u00ab\u00a0la d\u00e9sob\u00e9issance civile\u00a0\u00bb, rapidement rejoint dans son appel par Pascal Affi N&rsquo;Guessan. KKB indique le 24 septembre 2020 que \u00ab\u00a0la C\u00f4te d\u2019Ivoire a besoin de paix\u00a0\u00bb et qu&rsquo;il \u00ab\u00a0ne cautionne pas ce genre d\u2019aventure\u00a0\u00bb.<\/p>\n\n\n\n<p>Kouadio Konan Bertin remporte 2,01\u00a0% des suffrages en deuxi\u00e8me position derri\u00e8re le Pr\u00e9sident sortant Alassane Ouattara (95,31\u00a0%)<\/p>\n\n\n\n<p>Kouadio Konan Bertin est nomm\u00e9 le 15 d\u00e9cembre 2020 ministre de la R\u00e9conciliation nationale, avec pour mission de renforcer \u00ab\u00a0la coh\u00e9sion nationale et la r\u00e9conciliation des fils et des filles de C\u00f4te d\u2019Ivoire\u00a0\u00bb. Il est reconduit \u00e0 son poste dans le gouvernement de Patrick Achi, depuis le 6 avril 2021, cette fois-ci avec les th\u00e9matiques de la r\u00e9conciliation et de la coh\u00e9sion nationale.<\/p>\n\n\n\n<p>Le 25 mai 2021, lors d\u00e8s 8e \u00e9dition des Marley d\u2019Or. Kouadio Konan Bertin re\u00e7oit un awards pour son engagement pour la paix.<\/p>\n\n\n\n<p>Par deux reprises, il a re\u00e7u la distinction du Chef de l\u2019Etat, deux grades dans l\u2019ordre du m\u00e9rite national dont le grade de l\u2019officier et celui de chevalier.<\/p>\n","protected":false},"excerpt":{"rendered":"<div class=\"pvc_clear\"><\/div>\n<p class=\"pvc_stats total_only \" data-element-id=\"4931\" style=\"\"><i class=\"pvc-stats-icon medium\" aria-hidden=\"true\"><svg aria-hidden=\"true\" focusable=\"false\" data-prefix=\"far\" data-icon=\"chart-bar\" role=\"img\" xmlns=\"http:\/\/www.w3.org\/2000\/svg\" viewBox=\"0 0 512 512\" class=\"svg-inline--fa fa-chart-bar fa-w-16 fa-2x\"><path fill=\"currentColor\" d=\"M396.8 352h22.4c6.4 0 12.8-6.4 12.8-12.8V108.8c0-6.4-6.4-12.8-12.8-12.8h-22.4c-6.4 0-12.8 6.4-12.8 12.8v230.4c0 6.4 6.4 12.8 12.8 12.8zm-192 0h22.4c6.4 0 12.8-6.4 12.8-12.8V140.8c0-6.4-6.4-12.8-12.8-12.8h-22.4c-6.4 0-12.8 6.4-12.8 12.8v198.4c0 6.4 6.4 12.8 12.8 12.8zm96 0h22.4c6.4 0 12.8-6.4 12.8-12.8V204.8c0-6.4-6.4-12.8-12.8-12.8h-22.4c-6.4 0-12.8 6.4-12.8 12.8v134.4c0 6.4 6.4 12.8 12.8 12.8zM496 400H48V80c0-8.84-7.16-16-16-16H16C7.16 64 0 71.16 0 80v336c0 17.67 14.33 32 32 32h464c8.84 0 16-7.16 16-16v-16c0-8.84-7.16-16-16-16zm-387.2-48h22.4c6.4 0 12.8-6.4 12.8-12.8v-70.4c0-6.4-6.4-12.8-12.8-12.8h-22.4c-6.4 0-12.8 6.4-12.8 12.8v70.4c0 6.4 6.4 12.8 12.8 12.8z\" class=\"\"><\/path><\/svg><\/i> &nbsp;14,741&nbsp;vues<\/p>\n<div class=\"pvc_clear\"><\/div>\n<p>&nbsp;14,741&nbsp;vues Biographie du Ministre Kouadio Konan Bertin KOUADIO Konan Bertin dit KKB est n\u00e9 le 26 d\u00e9cembre 1968 \u00e0 Lakota. Il est mari\u00e9 et p\u00e8re de 4 enfants. Fils de KOFFI KOUADIO Mathieu, originaire de Bocanda, dans le centre de la C\u00f4te d\u2019Ivoire et de DAGO GUIZO,<\/p>\n","protected":false},"author":1,"featured_media":0,"parent":0,"menu_order":0,"comment_status":"closed","ping_status":"closed","template":"page-PageTemplate3.php","meta":{"footnotes":""},"class_list":["post-4931","page","type-page","status-publish","hentry"],"_links":{"self":[{"href":"https:\/\/reconciliation.gouv.ci\/mrcn\/index.php?rest_route=\/wp\/v2\/pages\/4931","targetHints":{"allow":["GET"]}}],"collection":[{"href":"https:\/\/reconciliation.gouv.ci\/mrcn\/index.php?rest_route=\/wp\/v2\/pages"}],"about":[{"href":"https:\/\/reconciliation.gouv.ci\/mrcn\/index.php?rest_route=\/wp\/v2\/types\/page"}],"author":[{"embeddable":true,"href":"https:\/\/reconciliation.gouv.ci\/mrcn\/index.php?rest_route=\/wp\/v2\/users\/1"}],"replies":[{"embeddable":true,"href":"https:\/\/reconciliation.gouv.ci\/mrcn\/index.php?rest_route=%2Fwp%2Fv2%2Fcomments&post=4931"}],"version-history":[{"count":6,"href":"https:\/\/reconciliation.gouv.ci\/mrcn\/index.php?rest_route=\/wp\/v2\/pages\/4931\/revisions"}],"predecessor-version":[{"id":5300,"href":"https:\/\/reconciliation.gouv.ci\/mrcn\/index.php?rest_route=\/wp\/v2\/pages\/4931\/revisions\/5300"}],"wp:attachment":[{"href":"https:\/\/reconciliation.gouv.ci\/mrcn\/index.php?rest_route=%2Fwp%2Fv2%2Fmedia&parent=4931"}],"curies":[{"name":"wp","href":"https:\/\/api.w.org\/{rel}","templated":true}]}}